{"id":9629,"date":"2025-05-27T23:59:01","date_gmt":"2025-05-27T23:59:01","guid":{"rendered":"https:\/\/egyfuntour.com\/?post_type=product&#038;p=9629"},"modified":"2026-01-03T16:13:10","modified_gmt":"2026-01-03T16:13:10","slug":"scuba-diving-day","status":"publish","type":"product","link":"https:\/\/carent-tour.com\/hr\/proizvod\/scuba-diving-day\/","title":{"rendered":"Dan ronjenja"},"content":{"rendered":"<h2>Dnevni izlet ronjenja<\/h2>\n<ul>\n<li class=\"nonelist\">Spremni ste se upustiti u podvodnu avanturu s nama? Zaronimo zajedno u prekrasne vode, gdje vas \u010deka \u010darobni svijet \u0161arenih riba i prekrasnih koraljnih grebena!<\/li>\n<li class=\"nonelist\">Do\u017eivite nezaboravan ronila\u010dki izlet u Hurghadi, istra\u017eite prekrasne koraljne grebene Crvenog mora, \u017eivopisan morski \u017eivot i ronila\u010dke lokacije pogodne za sve razine vje\u0161tina.<\/li>\n<li class=\"nonelist\"><strong>Uvodno ronjenje u Hurghadi za po\u010detnike<\/strong>\u00a0<strong>25 \u20ac<\/strong>2 zarona (otprilike 15 minuta svaki) Maksimalna dubina 6 m + ronjenje + ru\u010dak + pi\u0107e cijeli dan.<\/li>\n<li class=\"nonelist\"><strong>Dnevno profesionalno ronjenje u Hurghadi za certificirane ronioce<\/strong>\u00a0<strong>50 \u20ac<\/strong>2 zarona (svaki 35-40 minuta) \u2013 dubina ovisi o certifikaciji + ronjenje + ru\u010dak + pi\u0107e cijeli dan.<\/li>\n<li class=\"nonelist\"><strong>Samo za pratitelje<\/strong>\u00a0<strong>25 \u20ac<\/strong>Za ronjenje bez boce, bit \u0107e vam dopu\u0161teno roniti cijeli dan koriste\u0107i osiguranu opremu.<\/li>\n<\/ul>\n<h3><em class=\"fa-green fa-regular fa-calendar-days\">\u00a0<\/em><strong>Dani u tjednu i trajanje:<\/strong><\/h3>\n<ul>\n<li class=\"nonelist\">Svaki dan.<\/li>\n<li class=\"nonelist\">Od 8:00 do 16:00 (Vrijeme polaska i povratka ovisi o lokaciji hotela u Hurghadi i bit \u0107e potvr\u0111eno nakon rezervacije).<\/li>\n<li class=\"nonelist\">Cjelodnevni izlet (otprilike 7 do 8 sati, uklju\u010duju\u0107i transfere).<\/li>\n<\/ul>\n<h3><em class=\"fa-green fa-solid fa-rectangle-list\">\u00a0<\/em><strong>Program:<\/strong><\/h3>\n<ul>\n<li class=\"nonelist\"><strong>Preuzimanje iz hotela:<\/strong>\u00a0Izme\u0111u 7:30 i 8:30 (ovisno o lokaciji hotela).<\/li>\n<li class=\"nonelist\"><strong>Polazak iz marine:<\/strong>\u00a0Brod polazi oko 10:00 sati.<\/li>\n<li class=\"nonelist\"><strong>Sa\u017eetak:<\/strong>\u00a0Na\u0161 vodi\u010d za ronjenje i snorkeling pru\u017ea sigurnosne upute i mjere opreza.<\/li>\n<li class=\"nonelist\"><strong>Po\u010detnici (uvodno ronjenje):<\/strong>\u00a02 zarona (svaki 15 do 20 minuta) Maksimalna dubina 6 m.<\/li>\n<li class=\"nonelist\"><strong>Ovla\u0161teni profesionalac (svakodnevno ronjenje):<\/strong>\u00a02 zarona (svaki 35 do 40 minuta) \u2013 dubina ovisi o certifikaciji.<\/li>\n<li class=\"nonelist\"><strong>Ronjenje s maskom i disalicom:<\/strong>\u00a0Istra\u017eite \u017eivopisni koraljni greben ispunjen \u0161arenim ribama, koraljima i drugim morskim \u017eivotom.<\/li>\n<li class=\"nonelist\"><strong>Ru\u010dak i pi\u0107a na bazi \u0161vedskog stola:<\/strong>\u00a0U\u017eivajte u otvorenom \u0161vedskom stolu dok plovite do drugog mjesta za ronjenje.<\/li>\n<li class=\"nonelist\"><strong>Povratak u Marinu:<\/strong>\u00a0Oko 15:00 sati brod se vra\u0107a u marinu, gdje \u0107e vas voza\u010di odvesti do hotela.<\/li>\n<\/ul>\n<h3><strong>\u0160to ponijeti:<\/strong><\/h3>\n<ul>\n<li class=\"nonelist\">Ru\u010dnik.<\/li>\n<li class=\"nonelist\">Krema za sun\u010danje.<\/li>\n<li class=\"nonelist\">Sun\u010dane nao\u010dale i \u0161e\u0161ir.<\/li>\n<li class=\"nonelist\">Kamera ili GoPro.<\/li>\n<li class=\"nonelist\">Fotografija va\u0161e putovnice na va\u0161em telefonu.<\/li>\n<li class=\"nonelist\">Ako ste certificirani ronilac: Fotografija va\u0161e ronila\u010dke dozvole na telefonu.<\/li>\n<\/ul>\n<h3><strong>Trajanje<\/strong><\/h3>\n<p>Preuzimanje: Oko 08:00 (ovisno o lokaciji va\u0161eg hotela u Hurghadi).<\/p>\n<div class=\"desc-p havezic-single-content\">\n<div class=\"elementor-element elementor-element-6d80088b ba-content__one elementor-widget elementor-widget-gva_ba_item_content\" data-id=\"6d80088b\" data-element_type=\"widget\" data-widget_type=\"gva_ba_item_content.default\">\n<div class=\"elementor-widget-container\">\n<div class=\"gowilds-gva_ba_item_content gowilds-element\">\n<div class=\"gowilds-single-content\">\n<h5>Za sva pitanja, kontaktirajte nas:<a href=\"https:\/\/wa.me\/+201119161562\" target=\"_blank\" rel=\"noopener\"><img decoding=\"async\" class=\"alignnone wp-image-13655\" src=\"https:\/\/alivoyage.com\/wp-content\/uploads\/2024\/03\/whatsapp-svgrepo-com.svg\" alt=\"\" width=\"42\" height=\"42\" \/><\/a><\/h5>\n<\/div>\n<\/div>\n<\/div>\n<\/div>\n<\/div>","protected":false},"excerpt":{"rendered":"<p>Scuba Diving Day Trip Ready to embark on an underwater adventure with us? Let\u2019s dive together into stunning waters, where a magical world of colorful fish and breathtaking coral reefs awaits you! Experience an unforgettable diving excursion in Hurghada, explore the stunning coral reefs of the Red Sea, vibrant marine life, and diving sites suitable [&hellip;]<\/p>","protected":false},"featured_media":9832,"comment_status":"open","ping_status":"closed","template":"","meta":[],"product_brand":[],"product_cat":[73,68],"product_tag":[],"class_list":{"0":"post-9629","1":"product","2":"type-product","3":"status-publish","4":"has-post-thumbnail","6":"product_cat-hurghada","7":"product_cat-sea-trips","9":"first","10":"instock","11":"shipping-taxable","12":"purchasable","13":"product-type-ovabrw_car_rental"},"_links":{"self":[{"href":"https:\/\/carent-tour.com\/hr\/wp-json\/wp\/v2\/product\/9629","targetHints":{"allow":["GET"]}}],"collection":[{"href":"https:\/\/carent-tour.com\/hr\/wp-json\/wp\/v2\/product"}],"about":[{"href":"https:\/\/carent-tour.com\/hr\/wp-json\/wp\/v2\/types\/product"}],"replies":[{"embeddable":true,"href":"https:\/\/carent-tour.com\/hr\/wp-json\/wp\/v2\/comments?post=9629"}],"wp:featuredmedia":[{"embeddable":true,"href":"https:\/\/carent-tour.com\/hr\/wp-json\/wp\/v2\/media\/9832"}],"wp:attachment":[{"href":"https:\/\/carent-tour.com\/hr\/wp-json\/wp\/v2\/media?parent=9629"}],"wp:term":[{"taxonomy":"product_brand","embeddable":true,"href":"https:\/\/carent-tour.com\/hr\/wp-json\/wp\/v2\/product_brand?post=9629"},{"taxonomy":"product_cat","embeddable":true,"href":"https:\/\/carent-tour.com\/hr\/wp-json\/wp\/v2\/product_cat?post=9629"},{"taxonomy":"product_tag","embeddable":true,"href":"https:\/\/carent-tour.com\/hr\/wp-json\/wp\/v2\/product_tag?post=9629"}],"curies":[{"name":"wp","href":"https:\/\/api.w.org\/{rel}","templated":true}]}}