{"id":9625,"date":"2025-05-27T23:56:19","date_gmt":"2025-05-27T23:56:19","guid":{"rendered":"https:\/\/egyfuntour.com\/?post_type=product&#038;p=9625"},"modified":"2025-11-29T18:29:49","modified_gmt":"2025-11-29T18:29:49","slug":"dolphin-house","status":"publish","type":"product","link":"https:\/\/carent-tour.com\/hr\/proizvod\/dolphin-house\/","title":{"rendered":"Ku\u0107a dupina"},"content":{"rendered":"<ul>\n<li class=\"nonelist\">\n<h2>Izlet u Ku\u0107u dupina u Hurgadi (Dan dupina na moru)<\/h2>\n<ul>\n<li class=\"nonelist\"><em class=\"fa-green fa-solid fa-circle-info\">\u00a0<\/em><strong>Mi<\/strong>\u00a0Pozivamo vas da do\u017eivite jedinstvenu avanturu plivaju\u0107i s dupinima u njihovom prirodnom stani\u0161tu, istra\u017euju\u0107i koraljne grebene i dive\u0107i se bogatom morskom \u017eivotu Crvenog mora.<\/li>\n<li class=\"nonelist\"><em class=\"fa-green fa-solid fa-circle-info\">\u00a0<\/em>Dan u Ku\u0107i dupina u Sea Hurghadi: 1 zaustavljanje za plivanje i\/ili promatranje dupina + 2 zaustavljanja za ronjenje na razli\u010ditim mjestima + ru\u010dak na bazi \u0161vedskog stola + neograni\u010dena pi\u0107a za nezaboravan dan.<\/li>\n<li class=\"nonelist\"><em class=\"fa-green fa-solid fa-circle-info\">\u00a0<\/em>Ovaj program nudi savr\u0161enu ravnote\u017eu avanture, otkri\u0107a i opu\u0161tanja u kristalno \u010distim vodama Crvenog mora.<\/li>\n<\/ul>\n<p>&nbsp;<\/p>\n<ul>\n<li class=\"nonelist\">\n<h3><em class=\"fa-green fa-regular fa-calendar-days\">\u00a0<\/em><strong>Dani u tjednu i trajanje:<\/strong><\/h3>\n<ul>\n<li class=\"nonelist\">Svaki dan.<\/li>\n<li class=\"nonelist\">Od 8:00 do 15:00 (vrijeme polaska i povratka ovisi o lokaciji hotela u Hurghadi i bit \u0107e potvr\u0111eno nakon rezervacije).<\/li>\n<li class=\"nonelist\">Cjelodnevni izlet (otprilike 6 do 7 sati, uklju\u010duju\u0107i transfere).<\/li>\n<\/ul>\n<\/li>\n<\/ul>\n<p>&nbsp;<\/p>\n<ul>\n<li class=\"nonelist\">\n<h3><em class=\"fa-green fa-solid fa-rectangle-list\">\u00a0<\/em><strong>Program:<\/strong><\/h3>\n<ul>\n<li class=\"nonelist\"><strong>Preuzimanje iz hotela:\u00a0<\/strong>Izme\u0111u 7:30 i 8:30 (ovisno o lokaciji va\u0161eg hotela).<\/li>\n<li class=\"nonelist\"><strong>Polazak iz marine:\u00a0<\/strong>Brod isplovljava oko 10:00 sati.<\/li>\n<li class=\"nonelist\"><strong>Potraga za dupinima:\u00a0<\/strong>Izlet organiziraju profesionalci koji \u0107e dati sve od sebe kako bi locirali i pribli\u017eili se dupinima pod najboljim uvjetima, omogu\u0107uju\u0107i vam da plivate s njima uz po\u0161tovanje okoli\u0161a i \u017eivotinja.<\/li>\n<li class=\"nonelist\"><strong>Bilje\u0161ke:\u00a0<\/strong>Plivat \u0107ete nakon brifinga s obja\u0161njenjem kako se pona\u0161ati u vodi, pod nadzorom dva iskusna vodi\u010da.<\/li>\n<li class=\"nonelist\"><strong>Bilje\u0161ke:\u00a0<\/strong>Zaustavit \u0107ete se nekoliko puta na razli\u010ditim lokacijama, ovisno o tome gdje se nalaze dupini.<\/li>\n<li class=\"nonelist\"><strong>Bilje\u0161ke:\u00a0<\/strong>Imajte na umu da susreti s dupinima nisu zajam\u010deni jer se nalaze u svom prirodnom stani\u0161tu. Ne\u0107emo vratiti novac ako ih ne prona\u0111emo.<\/li>\n<li class=\"nonelist\"><strong>Ronjenje s maskom i disalicom:\u00a0<\/strong>Ronjenje se odvija u \u017eivopisnom koraljnom grebenu gdje mo\u017eete istra\u017eiti podvodni svijet pun \u0161arenih riba, koralja i ostalog morskog \u017eivota.<\/li>\n<li class=\"nonelist\"><strong>Ru\u010dak (\u0161vedski stol) i pi\u0107a:\u00a0<\/strong>Lunch is usually served buffet-style, catering to different dietary preferences.<\/li>\n<li class=\"nonelist\"><strong>Povratak u marinu:\u00a0<\/strong>Oko 15:00 sati brod \u0107e se vratiti u marinu, gdje \u0107e vas \u010dekati voza\u010di koji \u0107e vas odvesti natrag u hotel.<\/li>\n<\/ul>\n<\/li>\n<\/ul>\n<\/li>\n<\/ul>\n<h3><strong>Trajanje<\/strong><\/h3>\n<p>Preuzimanje: Oko 08:00 (ovisno o lokaciji va\u0161eg hotela u Hurghadi).<\/p>\n<h5>Za sva pitanja, kontaktirajte nas:<a href=\"https:\/\/wa.me\/+201119161562\" target=\"_blank\" rel=\"noopener\"><img decoding=\"async\" class=\"alignnone wp-image-13655\" src=\"https:\/\/alivoyage.com\/wp-content\/uploads\/2024\/03\/whatsapp-svgrepo-com.svg\" alt=\"\" width=\"42\" height=\"42\" \/><\/a><\/h5>","protected":false},"excerpt":{"rendered":"<p>Excursion to Dolphin House Hurghada (Dolphin Day at Sea) \u00a0We\u00a0invite you to experience a unique adventure by swimming with dolphins in their natural habitat, exploring coral reefs, and admiring the rich marine life of the Red Sea. \u00a0Dolphin House Day at Sea Hurghada: 1 stop to swim and\/or observe dolphins + 2 snorkeling stops at [&hellip;]<\/p>","protected":false},"featured_media":9837,"comment_status":"open","ping_status":"closed","template":"","meta":[],"product_brand":[],"product_cat":[73,68],"product_tag":[],"class_list":{"0":"post-9625","1":"product","2":"type-product","3":"status-publish","4":"has-post-thumbnail","6":"product_cat-hurghada","7":"product_cat-sea-trips","9":"first","10":"instock","11":"shipping-taxable","12":"purchasable","13":"product-type-ovabrw_car_rental"},"_links":{"self":[{"href":"https:\/\/carent-tour.com\/hr\/wp-json\/wp\/v2\/product\/9625","targetHints":{"allow":["GET"]}}],"collection":[{"href":"https:\/\/carent-tour.com\/hr\/wp-json\/wp\/v2\/product"}],"about":[{"href":"https:\/\/carent-tour.com\/hr\/wp-json\/wp\/v2\/types\/product"}],"replies":[{"embeddable":true,"href":"https:\/\/carent-tour.com\/hr\/wp-json\/wp\/v2\/comments?post=9625"}],"wp:featuredmedia":[{"embeddable":true,"href":"https:\/\/carent-tour.com\/hr\/wp-json\/wp\/v2\/media\/9837"}],"wp:attachment":[{"href":"https:\/\/carent-tour.com\/hr\/wp-json\/wp\/v2\/media?parent=9625"}],"wp:term":[{"taxonomy":"product_brand","embeddable":true,"href":"https:\/\/carent-tour.com\/hr\/wp-json\/wp\/v2\/product_brand?post=9625"},{"taxonomy":"product_cat","embeddable":true,"href":"https:\/\/carent-tour.com\/hr\/wp-json\/wp\/v2\/product_cat?post=9625"},{"taxonomy":"product_tag","embeddable":true,"href":"https:\/\/carent-tour.com\/hr\/wp-json\/wp\/v2\/product_tag?post=9625"}],"curies":[{"name":"wp","href":"https:\/\/api.w.org\/{rel}","templated":true}]}}