{"id":9585,"date":"2025-05-27T23:25:46","date_gmt":"2025-05-27T23:25:46","guid":{"rendered":"https:\/\/egyfuntour.com\/?post_type=product&#038;p=9585"},"modified":"2025-11-29T18:30:53","modified_gmt":"2025-11-29T18:30:53","slug":"super-safari","status":"publish","type":"product","link":"https:\/\/carent-tour.com\/hr\/proizvod\/super-safari\/","title":{"rendered":"Super safari"},"content":{"rendered":"<div class=\"elementor-element elementor-element-f85dd7f elementor-widget elementor-widget-heading\" data-id=\"f85dd7f\" data-element_type=\"widget\" data-widget_type=\"heading.default\">\n<div class=\"elementor-widget-container\">\n<h2 class=\"elementor-heading-title elementor-size-default\">Pregled<\/h2>\n<\/div>\n<\/div>\n<div class=\"elementor-element elementor-element-23592fac elementor-widget elementor-widget-babe-item-content\" data-id=\"23592fac\" data-element_type=\"widget\" data-widget_type=\"babe-item-content.default\">\n<div class=\"elementor-widget-container\">\n<div class=\"elementor-widget-inner\">\n<div class=\"triply-single-content\">\n<h2>Sahara Safari \u2013 Quad, Buggy, Jeep i predstava<\/h2>\n<p>Istra\u017eite Saharu s beduinima: quad, buggy, d\u017eip, posjet selu i tradicionalna predstava s \u0161vedskim stolom na kojem mo\u017eete jesti koliko god \u017eelite.<\/p>\n<p>&nbsp;<\/p>\n<h3><strong>Dani u tjednu i trajanje:<\/strong><\/h3>\n<p>Dostupno svaki dan.<\/p>\n<p>Aktivnost samo poslijepodne \u2013 povratak se o\u010dekuje oko 19 sati.<\/p>\n<div class=\"container\">\n<div class=\"trip-insight\">\n<div class=\"insight-list-wrap row owl-carousel owl-theme owl-responsive-700 owl-loaded\">\n<div class=\"owl-controls\">\n<div class=\"owl-nav\">\n<div class=\"flex max-w-full flex-col flex-grow\">\n<div class=\"min-h-[20px] text-message flex w-full flex-col items-end gap-2 whitespace-normal break-words [.text-message+&amp;]:mt-5\" dir=\"auto\" data-message-author-role=\"assistant\" data-message-id=\"5481a9d7-d2f8-4d62-b5fb-ea77b05a7844\">\n<div class=\"flex w-full flex-col gap-1 empty:hidden first:pt-[3px]\">\n<div class=\"markdown prose w-full break-words dark:prose-invert light\">\n<p>&nbsp;<\/p>\n<div id=\"carousel\" class=\"main-img carousel slide carousel-fade full-height with-overlay\" data-ride=\"carousel\">\n<div class=\"vc_row wpb_row vc_row-fluid\">\n<div class=\"wpb_column vc_column_container vc_col-sm-12\">\n<div class=\"vc_column-inner\">\n<div class=\"wpb_wrapper\">\n<div class=\"wpb_text_column wpb_content_element\">\n<div class=\"wpb_wrapper\">\n<h3><strong>Najva\u017enije:<\/strong><\/h3>\n<div class=\"std\">\n<div class=\"std\">\n<ul>\n<li class=\"nonelist\">Transfer iz hotela u Hurghadi do mjesta safarija.<\/li>\n<li class=\"nonelist\">30 minuta vo\u017enje quadom u pustinji.<\/li>\n<li class=\"nonelist\">20 minuta vo\u017enje dvostrukim buggyjem za vi\u0161e uzbu\u0111enja.<\/li>\n<li class=\"nonelist\">25 km duga vo\u017enja d\u017eipom s vodi\u010dem za istra\u017eivanje panoramskih pogleda.<\/li>\n<li class=\"nonelist\">Posjetite beduinsko selo za kulturno uranjanje.<\/li>\n<li class=\"nonelist\">\u0160vedski stol \"jedi koliko mo\u017ee\u0161\" i tradicionalna predstava za kraj dana.<\/li>\n<li class=\"nonelist\">Povratak u hotel s na\u0161im voza\u010dem.<\/li>\n<\/ul>\n<p>&nbsp;<\/p>\n<\/div>\n<h3 class=\"tour-item-title list-font\"><strong>\u0160to ponijeti:<\/strong><\/h3>\n<div class=\"tour-item-description list-font\">\n<ul>\n<li><i class=\"fas fa-check-circle\"><\/i>Udobne sportske cipele za pustinju<\/li>\n<li><i class=\"fas fa-check-circle\"><\/i>Ukras za glavu \u2013 beduinski \u0161al<\/li>\n<li><i class=\"fas fa-check-circle\"><\/i>Sun\u010dane nao\u010dale<\/li>\n<li><i class=\"fas fa-check-circle\"><\/i>Voda<\/li>\n<\/ul>\n<h3><strong>Trajanje<\/strong><\/h3>\n<p><strong>Prvo putovanje:<\/strong><\/p>\n<ul>\n<li>Preuzimanje: Oko 11:00 sati (ovisno o lokaciji va\u0161eg hotela u Hurghadi).<\/li>\n<\/ul>\n<p><strong>Drugo putovanje:<\/strong><\/p>\n<ul>\n<li>Preuzimanje: Oko 13:30 (ovisno o lokaciji va\u0161eg hotela u Hurghadi)<\/li>\n<\/ul>\n<p><strong>Molimo odaberite vrijeme preuzimanja i obavijestite nas o tome u napomenama o rezervaciji.<\/strong><\/p>\n<h5>Za sva pitanja, kontaktirajte nas:<a href=\"https:\/\/wa.me\/+201119161562\" target=\"_blank\" rel=\"noopener\"><img decoding=\"async\" class=\"alignnone wp-image-13655\" src=\"https:\/\/alivoyage.com\/wp-content\/uploads\/2024\/03\/whatsapp-svgrepo-com.svg\" alt=\"\" width=\"42\" height=\"42\" \/><\/a><\/h5>\n<\/div>\n<\/div>\n<\/div>\n<\/div>\n<\/div>\n<\/div>\n<\/div>\n<\/div>\n<\/div>\n<\/div>\n<\/div>\n<\/div>\n<\/div>\n<\/div>\n<\/div>\n<\/div>\n<\/div>\n<\/div>\n<\/div>\n<\/div>\n<\/div>\n<\/div>","protected":false},"excerpt":{"rendered":"<blockquote><p>&nbsp;<\/p><\/blockquote>","protected":false},"featured_media":9898,"comment_status":"open","ping_status":"closed","template":"","meta":[],"product_brand":[],"product_cat":[73,70],"product_tag":[41,45],"class_list":{"0":"post-9585","1":"product","2":"type-product","3":"status-publish","4":"has-post-thumbnail","6":"product_cat-hurghada","7":"product_cat-safari-trips","8":"product_tag-shoe","9":"product_tag-sports","11":"first","12":"instock","13":"shipping-taxable","14":"purchasable","15":"product-type-ovabrw_car_rental"},"_links":{"self":[{"href":"https:\/\/carent-tour.com\/hr\/wp-json\/wp\/v2\/product\/9585","targetHints":{"allow":["GET"]}}],"collection":[{"href":"https:\/\/carent-tour.com\/hr\/wp-json\/wp\/v2\/product"}],"about":[{"href":"https:\/\/carent-tour.com\/hr\/wp-json\/wp\/v2\/types\/product"}],"replies":[{"embeddable":true,"href":"https:\/\/carent-tour.com\/hr\/wp-json\/wp\/v2\/comments?post=9585"}],"wp:featuredmedia":[{"embeddable":true,"href":"https:\/\/carent-tour.com\/hr\/wp-json\/wp\/v2\/media\/9898"}],"wp:attachment":[{"href":"https:\/\/carent-tour.com\/hr\/wp-json\/wp\/v2\/media?parent=9585"}],"wp:term":[{"taxonomy":"product_brand","embeddable":true,"href":"https:\/\/carent-tour.com\/hr\/wp-json\/wp\/v2\/product_brand?post=9585"},{"taxonomy":"product_cat","embeddable":true,"href":"https:\/\/carent-tour.com\/hr\/wp-json\/wp\/v2\/product_cat?post=9585"},{"taxonomy":"product_tag","embeddable":true,"href":"https:\/\/carent-tour.com\/hr\/wp-json\/wp\/v2\/product_tag?post=9585"}],"curies":[{"name":"wp","href":"https:\/\/api.w.org\/{rel}","templated":true}]}}