{"id":7795,"date":"2023-06-07T08:16:28","date_gmt":"2023-06-07T08:16:28","guid":{"rendered":"https:\/\/egyfuntour.com\/?post_type=product&#038;p=7795"},"modified":"2025-11-29T18:31:30","modified_gmt":"2025-11-29T18:31:30","slug":"luxor-1-day-by-bus","status":"publish","type":"product","link":"https:\/\/carent-tour.com\/hr\/proizvod\/luxor-1-day-by-bus\/","title":{"rendered":"Luksor 1 dan autobusom"},"content":{"rendered":"<h2>Pregled<\/h2>\n<p>S populacijom od oko 500 000 stanovnika, Luksor je najve\u0107i grad u Gornjem Egiptu i slu\u017ei kao administrativno sredi\u0161te Luksorske guvernoratske oblasti. Rijeka Nil dijeli grad na dva dijela.<\/p>\n<p>U sjeveroisto\u010dnom dijelu Luksora nalazi se poznati hram Karnak, neko\u0107 najva\u017eniji hram u drevnom Egiptu, sa svojim visokim stupovima, obeliscima i kipovima koji impresioniraju svojom veli\u010dinom. Ju\u017enije \u0107ete prona\u0107i Muzej u Luksoru, u kojem se nalaze nedavna arheolo\u0161ka otkri\u0107a iz regije, a zatim i Hram u Luksoru. Ovaj hram, koji su izgradili Amenhotep III. i Ramzes II., bio je posve\u0107en Amonu-Rau, kralju bogova.<\/p>\n<p>S druge strane Nila, na zapadnoj obali, nalazi se hram kraljice Hat\u0161epsut, jedan od najbolje o\u010duvanih hramova Tebe, koji datira iz 18. dinastije. U blizini se nalazi Dolina kraljeva, gdje je Howard Carter 1922. godine otkrio gotovo netaknutu grobnicu Tutankamona. Na zapadnoj obali nalaze se i impozantni Memnonovi kolosi, koji predstavljaju faraona Amenhotepa III.<\/p>\n<p>Dolina kraljeva posebno je poznata po grobnicama najpoznatijih vladara Novog kraljevstva. Izlet autobusom od Hurgade do Luksora obavezan je za sve koji \u017eele istra\u017eiti bogatu egipatsku povijest.<\/p>\n<h3><strong>Dani u tjednu i trajanje:<\/strong><\/h3>\n<p>Utorak i \u010detvrtak.<\/p>\n<p>Od 4:00 do 21:00 (to\u010dno vrijeme potvr\u0111eno nakon rezervacije).<\/p>\n<p>Cjelodnevni izlet (otprilike 17 sati, uklju\u010duju\u0107i transfere).<\/p>\n<p><strong>\u00a0<\/strong><\/p>\n<h3><strong>\u0160to ponijeti sa sobom:<\/strong><\/h3>\n<p>Boca vode.<\/p>\n<p>Krema za sun\u010danje.<\/p>\n<p>Sun\u010dane nao\u010dale i \u0161e\u0161ir.<\/p>\n<p>Fotoaparat.<\/p>\n<p>Fotografija va\u0161e putovnice na va\u0161em telefonu.<\/p>\n<p>Gotovina ako \u017eelite kupiti dodatne stvari.<\/p>\n<h2>\u00a0Trajanje<\/h2>\n<p><strong>Preuzimanje: Oko 4:00 ujutro<\/strong><\/p>\n<h5>Za sva pitanja, kontaktirajte nas:<a href=\"https:\/\/wa.me\/+201119161562\" target=\"_blank\" rel=\"noopener\"><img decoding=\"async\" class=\"alignnone wp-image-13655\" src=\"https:\/\/alivoyage.com\/wp-content\/uploads\/2024\/03\/whatsapp-svgrepo-com.svg\" alt=\"\" width=\"42\" height=\"42\" \/><\/a><\/h5>","protected":false},"excerpt":{"rendered":"<p>Overview With a population of around 500,000, Luxor is the largest city in Upper Egypt and serves as the administrative capital of the Luxor Governorate. The Nile River divides the city into two sections. In the northeastern part of Luxor lies the renowned Karnak Temple, once the most important temple in ancient Egypt, with its [&hellip;]<\/p>","protected":false},"featured_media":9952,"comment_status":"open","ping_status":"closed","template":"","meta":[],"product_brand":[],"product_cat":[71,73],"product_tag":[45],"class_list":{"0":"post-7795","1":"product","2":"type-product","3":"status-publish","4":"has-post-thumbnail","6":"product_cat-historical-trips","7":"product_cat-hurghada","8":"product_tag-sports","10":"first","11":"instock","12":"shipping-taxable","13":"purchasable","14":"product-type-ovabrw_car_rental"},"_links":{"self":[{"href":"https:\/\/carent-tour.com\/hr\/wp-json\/wp\/v2\/product\/7795","targetHints":{"allow":["GET"]}}],"collection":[{"href":"https:\/\/carent-tour.com\/hr\/wp-json\/wp\/v2\/product"}],"about":[{"href":"https:\/\/carent-tour.com\/hr\/wp-json\/wp\/v2\/types\/product"}],"replies":[{"embeddable":true,"href":"https:\/\/carent-tour.com\/hr\/wp-json\/wp\/v2\/comments?post=7795"}],"wp:featuredmedia":[{"embeddable":true,"href":"https:\/\/carent-tour.com\/hr\/wp-json\/wp\/v2\/media\/9952"}],"wp:attachment":[{"href":"https:\/\/carent-tour.com\/hr\/wp-json\/wp\/v2\/media?parent=7795"}],"wp:term":[{"taxonomy":"product_brand","embeddable":true,"href":"https:\/\/carent-tour.com\/hr\/wp-json\/wp\/v2\/product_brand?post=7795"},{"taxonomy":"product_cat","embeddable":true,"href":"https:\/\/carent-tour.com\/hr\/wp-json\/wp\/v2\/product_cat?post=7795"},{"taxonomy":"product_tag","embeddable":true,"href":"https:\/\/carent-tour.com\/hr\/wp-json\/wp\/v2\/product_tag?post=7795"}],"curies":[{"name":"wp","href":"https:\/\/api.w.org\/{rel}","templated":true}]}}