{"id":10274,"date":"2025-11-28T21:16:19","date_gmt":"2025-11-28T21:16:19","guid":{"rendered":"https:\/\/carent-tour.com\/?post_type=product&#038;p=10274"},"modified":"2025-11-29T18:28:06","modified_gmt":"2025-11-29T18:28:06","slug":"swim-with-dolphins-10-min","status":"publish","type":"product","link":"https:\/\/carent-tour.com\/hr\/proizvod\/swim-with-dolphins-10-min\/","title":{"rendered":"Plivanje s dupinima 10 min"},"content":{"rendered":"<h2>Plivanje s dupinima<\/h2>\n<ul>\n<li class=\"nonelist\"><em class=\"fa-green fa-solid fa-circle-info\">\u00a0<\/em>Ovo jedinstveno iskustvo odvija se u bazenu pod stru\u010dnim nadzorom njihovih trenera.<\/li>\n<\/ul>\n<p>&nbsp;<\/p>\n<ul>\n<li class=\"nonelist\">\n<h3><em class=\"fa-green fa-regular fa-calendar-days\">\u00a0<\/em><strong>Dani u tjednu i trajanje:<\/strong><\/h3>\n<ul>\n<li class=\"nonelist\"><em class=\"fa-green fa-regular fa-calendar-days\">\u00a0<\/em>Svaki dan.<\/li>\n<li class=\"nonelist\"><em class=\"fa-green fa-regular fa-clock\">\u00a0<\/em>Vrijeme preuzimanja i povratka ovisi o lokaciji hotela u Hurghadi i bit \u0107e potvr\u0111eno nakon rezervacije.<\/li>\n<li class=\"nonelist\"><em class=\"fa-green fa-solid fa-stopwatch\">\u00a0<\/em>Dnevni izlet (oko 2 sata, uklju\u010duju\u0107i transfere).<\/li>\n<\/ul>\n<\/li>\n<\/ul>\n<p>&nbsp;<\/p>\n<ul>\n<li class=\"nonelist\">\n<h3><em class=\"fa-green fa-solid fa-check\">\u00a0<\/em><strong>Program:<\/strong><\/h3>\n<ul>\n<li class=\"nonelist\"><em class=\"fa-green fa-solid fa-check\">\u00a0<\/em>Dolazimo po vas iz hotela i vozimo vas do kompleksa.<\/li>\n<li class=\"nonelist\"><em class=\"fa-green fa-solid fa-check\">\u00a0<\/em>Imat \u0107ete priliku plivati \u200b\u200bs dupinima oko 5 minuta.<\/li>\n<li class=\"nonelist\"><em class=\"fa-green fa-solid fa-check\">\u00a0<\/em>Imat \u0107ete mogu\u0107nost zabilje\u017eiti ovaj trenutak za dodatnih 8 \u20ac po osobi.<\/li>\n<li class=\"nonelist\"><em class=\"fa-green fa-solid fa-check\">\u00a0<\/em>Voza\u010d \u0107e vas \u010dekati da vas vrati u hotel.<\/li>\n<li class=\"nonelist\"><em class=\"fa-green fa-solid fa-check\">\u00a0<\/em>Povratni transfer uklju\u010den je u cijenu ako se hotel nalazi u Hurghadi.<\/li>\n<\/ul>\n<\/li>\n<\/ul>\n<div class=\"vc_row wpb_row vc_row-fluid\">\n<div class=\"wpb_column vc_column_container vc_col-sm-12\">\n<div class=\"vc_column-inner\">\n<div class=\"wpb_wrapper\">\n<div class=\"heading left\">\n<div class=\"vc_row wpb_row vc_row-fluid\">\n<div class=\"wpb_column vc_column_container vc_col-sm-12\">\n<div class=\"vc_column-inner\">\n<div class=\"wpb_wrapper\"><\/div>\n<\/div>\n<\/div>\n<\/div>\n<\/div>\n<\/div>\n<\/div>\n<\/div>\n<\/div>\n<div class=\"vc_row wpb_row vc_row-fluid\">\n<div class=\"wpb_column vc_column_container vc_col-sm-12\">\n<div class=\"vc_column-inner\">\n<div class=\"wpb_wrapper\">\n<div class=\"wpb_text_column wpb_content_element\">\n<div class=\"wpb_wrapper\">\n<div class=\"heading left\">\n<div class=\"heading left\">\n<h5>Za sva pitanja, kontaktirajte nas:<a href=\"https:\/\/wa.me\/+201119161562\" target=\"_blank\" rel=\"noopener\"><img decoding=\"async\" class=\"alignnone wp-image-13655\" src=\"https:\/\/alivoyage.com\/wp-content\/uploads\/2024\/03\/whatsapp-svgrepo-com.svg\" alt=\"\" width=\"42\" height=\"42\" \/><\/a><\/h5>\n<\/div>\n<\/div>\n<\/div>\n<\/div>\n<\/div>\n<\/div>\n<\/div>\n<\/div>","protected":false},"excerpt":{"rendered":"<p>Swim with Dolphins \u00a0This unique experience takes place in a pool under the expert supervision of their trainers. &nbsp; \u00a0Days of the week and duration: \u00a0Every day. \u00a0Pick-up and return times depend on the hotel location in Hurghada and will be confirmed after booking. \u00a0Day trip (around 2 hours, including transfers). &nbsp; \u00a0Program: \u00a0We pick [&hellip;]<\/p>","protected":false},"featured_media":10271,"comment_status":"open","ping_status":"closed","template":"","meta":[],"product_brand":[],"product_cat":[72,73],"product_tag":[41,45],"class_list":{"0":"post-10274","1":"product","2":"type-product","3":"status-publish","4":"has-post-thumbnail","6":"product_cat-family-trips","7":"product_cat-hurghada","8":"product_tag-shoe","9":"product_tag-sports","11":"first","12":"instock","13":"shipping-taxable","14":"purchasable","15":"product-type-ovabrw_car_rental"},"_links":{"self":[{"href":"https:\/\/carent-tour.com\/hr\/wp-json\/wp\/v2\/product\/10274","targetHints":{"allow":["GET"]}}],"collection":[{"href":"https:\/\/carent-tour.com\/hr\/wp-json\/wp\/v2\/product"}],"about":[{"href":"https:\/\/carent-tour.com\/hr\/wp-json\/wp\/v2\/types\/product"}],"replies":[{"embeddable":true,"href":"https:\/\/carent-tour.com\/hr\/wp-json\/wp\/v2\/comments?post=10274"}],"wp:featuredmedia":[{"embeddable":true,"href":"https:\/\/carent-tour.com\/hr\/wp-json\/wp\/v2\/media\/10271"}],"wp:attachment":[{"href":"https:\/\/carent-tour.com\/hr\/wp-json\/wp\/v2\/media?parent=10274"}],"wp:term":[{"taxonomy":"product_brand","embeddable":true,"href":"https:\/\/carent-tour.com\/hr\/wp-json\/wp\/v2\/product_brand?post=10274"},{"taxonomy":"product_cat","embeddable":true,"href":"https:\/\/carent-tour.com\/hr\/wp-json\/wp\/v2\/product_cat?post=10274"},{"taxonomy":"product_tag","embeddable":true,"href":"https:\/\/carent-tour.com\/hr\/wp-json\/wp\/v2\/product_tag?post=10274"}],"curies":[{"name":"wp","href":"https:\/\/api.w.org\/{rel}","templated":true}]}}