{"id":10251,"date":"2025-11-28T20:44:20","date_gmt":"2025-11-28T20:44:20","guid":{"rendered":"https:\/\/carent-tour.com\/?post_type=product&#038;p=10251"},"modified":"2025-12-26T11:05:13","modified_gmt":"2025-12-26T11:05:13","slug":"privet-cairo","status":"publish","type":"product","link":"https:\/\/carent-tour.com\/hr\/proizvod\/privet-cairo\/","title":{"rendered":"Privet Kairo"},"content":{"rendered":"<div class=\"heading left\">\n<div class=\"heading left\">\n<div class=\"heading left\">\n<h3>Program obilaska<\/h3>\n<\/div>\n<div class=\"wpb_text_column wpb_content_element\">\n<div class=\"wpb_wrapper\">\n<p>Pokupit \u0107emo vas iz va\u0161eg hotela kasno nave\u010der oko 1:00 do 2:00 ujutro.\u00a0<strong>klimatizirani privatni automobil<\/strong> kao privatno<\/p>\n<p>Zapo\u010dnite posjetom velikim piramidama\u00a0<strong>\u010covjek<br \/>\n<\/strong>izgradili su faraoni\u00a0<strong>Kufu, Kefre i Menkaure.<\/strong><\/p>\n<p>Zatim \u0107e se preseliti u posjet\u00a0<strong>Sfinga<\/strong>\u00a0koje lice kralja<strong>\u00a0Kefrena<\/strong>\u00a0a tijelo lava predstavlja snagu.<\/p>\n<p>Obilazak tako\u0111er uklju\u010duje posjet hramu u dolini, koji pripada piramidama\u00a0<strong>Kefrena.<\/strong><\/p>\n<p>U\u017eivajte u svom egipatskom ru\u010dku u<strong>\u00a0tradicionalni restoran.<\/strong><\/p>\n<p>Kona\u010dno, zavr\u0161i\u0161, a zatim ide\u0161 prema\u00a0<strong>Egipatski muzej<\/strong>, gdje mo\u017eete vidjeti rijetku zbirku umjetnosti staru 5000 godina koja se smatra najve\u0107om i najdragocjenijom zbirkom egipatske umjetnosti na svijetu, uklju\u010duju\u0107i izlo\u017ebu posve\u0107enu\u00a0<strong>Tutankamonova zbirka blaga<\/strong>, zlato i nakit koji su bili zatvoreni u njegovoj grobnici<\/p>\n<p>Polazak iz Kaira i povratak u Hurgadu oko 22:00<\/p>\n<\/div>\n<\/div>\n<\/div>\n<div class=\"wpb_text_column wpb_content_element\">\n<div class=\"vc_row wpb_row vc_row-fluid\">\n<div class=\"wpb_column vc_column_container vc_col-sm-12\">\n<div class=\"vc_column-inner\">\n<div class=\"wpb_wrapper\">\n<div class=\"heading left\"><\/div>\n<\/div>\n<\/div>\n<\/div>\n<\/div>\n<\/div>\n<\/div>\n<div class=\"wpb_text_column wpb_content_element\">\n<div class=\"wpb_wrapper\">\n<h3><strong>Dani u tjednu i trajanje:<\/strong><\/h3>\n<p>Utorak i \u010detvrtak<\/p>\n<p>Od pono\u0107i do 23:00 (vrijeme se potvr\u0111uje nakon rezervacije).<\/p>\n<p>Cjelodnevni izlet (otprilike 23 sata, uklju\u010duju\u0107i transfere).<\/p>\n<p>&nbsp;<\/p>\n<h3><strong>Program:<\/strong><\/h3>\n<p>Polazak iz hotela izme\u0111u pono\u0107i i 2:00 ujutro.<\/p>\n<p>Putovanje u Kairo klimatiziranim minibusom (maksimalno 8 osoba).<\/p>\n<p>Posjet piramidama i Sfingi u Gizi s vodi\u010dem koji govori francuski.<\/p>\n<p>Istra\u017eivanje Muzeja u Kairu.<\/p>\n<p>Ru\u010dak na bazi \u0161vedskog stola u lokalnom restoranu, gdje mo\u017eete jesti koliko god \u017eelite.<\/p>\n<p>Posjet tvornici parfema i papirusa.<\/p>\n<p>Opcionalno krstarenje Nilom (10 \u20ac po osobi).<\/p>\n<p>Povratak u Hurgadu, dolazak oko 23:00 sata.<\/p>\n<p><strong>\u0160to ponijeti sa sobom:<\/strong><\/p>\n<\/div>\n<ul>\n<li class=\"nonelist\">Boca vode.<\/li>\n<li class=\"nonelist\">Krema za sun\u010danje.<\/li>\n<li class=\"nonelist\">Sun\u010dane nao\u010dale i \u0161e\u0161ir.<\/li>\n<li class=\"nonelist\">Fotoaparat.<\/li>\n<li class=\"nonelist\">Fotografija va\u0161e putovnice na va\u0161em telefonu.<\/li>\n<li class=\"nonelist\"><em class=\"fa-green fa-solid fa-check\">C<\/em>gotovina ako \u017eelite kupiti suvenire.<\/li>\n<\/ul>\n<h2>\u00a0Trajanje<\/h2>\n<p><strong>Preuzimanje: Oko 2:00 ujutro<\/strong><\/p>\n<h5>Za sva pitanja, kontaktirajte nas:<a href=\"https:\/\/wa.me\/+201119161562\" target=\"_blank\" rel=\"noopener\"><img decoding=\"async\" class=\"alignnone wp-image-13655\" src=\"https:\/\/alivoyage.com\/wp-content\/uploads\/2024\/03\/whatsapp-svgrepo-com.svg\" alt=\"\" width=\"42\" height=\"42\" \/><\/a><\/h5>\n<\/div>","protected":false},"excerpt":{"rendered":"<p>Tour Program We will pick you up from your hotel late at night around 1:00 am to 2:00 in the morning by\u00a0airconditioned Privet Car like private Begin with visits to the great pyramids of\u00a0Giza built by the pharaohs\u00a0Khufu, Khafre, and Menkaure. Then will move to vesit the\u00a0Sphinx\u00a0which face of king\u00a0Chephren\u00a0and body of lion represent the [&hellip;]<\/p>","protected":false},"featured_media":10252,"comment_status":"open","ping_status":"closed","template":"","meta":[],"product_brand":[],"product_cat":[71,73],"product_tag":[],"class_list":{"0":"post-10251","1":"product","2":"type-product","3":"status-publish","4":"has-post-thumbnail","6":"product_cat-historical-trips","7":"product_cat-hurghada","9":"first","10":"instock","11":"shipping-taxable","12":"purchasable","13":"product-type-ovabrw_car_rental"},"_links":{"self":[{"href":"https:\/\/carent-tour.com\/hr\/wp-json\/wp\/v2\/product\/10251","targetHints":{"allow":["GET"]}}],"collection":[{"href":"https:\/\/carent-tour.com\/hr\/wp-json\/wp\/v2\/product"}],"about":[{"href":"https:\/\/carent-tour.com\/hr\/wp-json\/wp\/v2\/types\/product"}],"replies":[{"embeddable":true,"href":"https:\/\/carent-tour.com\/hr\/wp-json\/wp\/v2\/comments?post=10251"}],"wp:featuredmedia":[{"embeddable":true,"href":"https:\/\/carent-tour.com\/hr\/wp-json\/wp\/v2\/media\/10252"}],"wp:attachment":[{"href":"https:\/\/carent-tour.com\/hr\/wp-json\/wp\/v2\/media?parent=10251"}],"wp:term":[{"taxonomy":"product_brand","embeddable":true,"href":"https:\/\/carent-tour.com\/hr\/wp-json\/wp\/v2\/product_brand?post=10251"},{"taxonomy":"product_cat","embeddable":true,"href":"https:\/\/carent-tour.com\/hr\/wp-json\/wp\/v2\/product_cat?post=10251"},{"taxonomy":"product_tag","embeddable":true,"href":"https:\/\/carent-tour.com\/hr\/wp-json\/wp\/v2\/product_tag?post=10251"}],"curies":[{"name":"wp","href":"https:\/\/api.w.org\/{rel}","templated":true}]}}