{"id":9639,"date":"2025-05-28T00:04:15","date_gmt":"2025-05-28T00:04:15","guid":{"rendered":"https:\/\/egyfuntour.com\/?post_type=product&#038;p=9639"},"modified":"2025-12-17T20:11:02","modified_gmt":"2025-12-17T20:11:02","slug":"glassboat-panorama","status":"publish","type":"product","link":"https:\/\/carent-tour.com\/fr\/produit\/glassboat-panorama\/","title":{"rendered":"Glassboat Panorama"},"content":{"rendered":"<h2>Aper\u00e7u<\/h2>\n<h2>Glassboat Panorama<\/h2>\n<p>Program &#8211; 2 hours<br \/>\nYou will see the underwater world of the Red Sea and about 40 minutes of free time for snorkeling.<\/p>\n<p>Masks, fins on the boat &#8211; included in the price of the tour<\/p>\n<div class=\"vc_row wpb_row vc_row-fluid\">\n<div class=\"wpb_column vc_column_container vc_col-sm-12\">\n<div class=\"vc_column-inner\">\n<div class=\"wpb_wrapper\">\n<div class=\"heading left\">\n<h3><strong>Points forts:<\/strong><\/h3>\n<\/div>\n<\/div>\n<\/div>\n<\/div>\n<\/div>\n<div class=\"vc_row wpb_row vc_row-fluid\">\n<div class=\"wpb_column vc_column_container vc_col-sm-12\">\n<div class=\"vc_column-inner\">\n<div class=\"wpb_wrapper\">\n<div class=\"wpb_text_column wpb_content_element\">\n<div class=\"wpb_wrapper\">\n<ul>\n<li>Prise en charge et retour \u00e0 l'h\u00f4tel dans un v\u00e9hicule climatis\u00e9<\/li>\n<li>Balade panoramique en semi-sous-marin avec vues sous-marines panoramiques<\/li>\n<li>Explorez les r\u00e9cifs coralliens vibrants et la vie marine<\/li>\n<\/ul>\n<\/div>\n<\/div>\n<\/div>\n<\/div>\n<\/div>\n<\/div>\n<div class=\"highlights\">\n<div class=\"heading left\">\n<h3><strong>Que prendre avec vous ?<\/strong><\/h3>\n<\/div>\n<div class=\"wpb_text_column wpb_content_element\">\n<div class=\"wpb_wrapper\">\n<ul>\n<li>\u00c9quipement photo et vid\u00e9o<\/li>\n<li>Couvre-chef (casquette ou foulard)<\/li>\n<li>Lunettes de soleil<\/li>\n<li>Cr\u00e8me solaire<\/li>\n<li>Serviette<\/li>\n<li>maillots de bain<\/li>\n<\/ul>\n<h3><strong>Dur\u00e9e<\/strong><\/h3>\n<p>Premier voyage :<\/p>\n<p>Pickup: Around 09:00 Am (Depending on your hotel location in Hurghada).<\/p>\n<p>Deuxi\u00e8me voyage :<\/p>\n<p>Pickup: Around 10:30 Am (Depending on your hotel location in Hurghada)<\/p>\n<p>Le troisi\u00e8me voyage :<\/p>\n<p>Pickup: Around 15:00 Pm (Depending on your hotel location in Hurghada).<\/p>\n<ul>\n<li>Veuillez choisir votre heure de prise en charge et nous en informer sur les notes de r\u00e9servation.<\/li>\n<\/ul>\n<h5>Pour toute demande de renseignements, contactez-nous :<a href=\"https:\/\/wa.me\/+201119161562\" target=\"_blank\" rel=\"noopener\"><img decoding=\"async\" class=\"alignnone wp-image-13655\" src=\"https:\/\/alivoyage.com\/wp-content\/uploads\/2024\/03\/whatsapp-svgrepo-com.svg\" alt=\"\" width=\"42\" height=\"42\" \/><\/a><\/h5>\n<\/div>\n<\/div>\n<\/div>\n<div id=\"tour-included-excluded\" class=\"content-product-item tour-included-excluded-wrapper\"><\/div>","protected":false},"excerpt":{"rendered":"<p>Overview Glassboat Panorama Program &#8211; 2 hours You will see the underwater world of the Red Sea and about 40 minutes of free time for snorkeling. Masks, fins on the boat &#8211; included in the price of the tour Highlights: Hotel pick-up and drop-off in an air-conditioned vehicle Scenic semi-submarine ride with panoramic underwater views [&hellip;]<\/p>","protected":false},"featured_media":10328,"comment_status":"open","ping_status":"closed","template":"","meta":[],"product_brand":[],"product_cat":[72,73,68],"product_tag":[],"class_list":{"0":"post-9639","1":"product","2":"type-product","3":"status-publish","4":"has-post-thumbnail","6":"product_cat-family-trips","7":"product_cat-hurghada","8":"product_cat-sea-trips","10":"first","11":"instock","12":"shipping-taxable","13":"purchasable","14":"product-type-ovabrw_car_rental"},"_links":{"self":[{"href":"https:\/\/carent-tour.com\/fr\/wp-json\/wp\/v2\/product\/9639","targetHints":{"allow":["GET"]}}],"collection":[{"href":"https:\/\/carent-tour.com\/fr\/wp-json\/wp\/v2\/product"}],"about":[{"href":"https:\/\/carent-tour.com\/fr\/wp-json\/wp\/v2\/types\/product"}],"replies":[{"embeddable":true,"href":"https:\/\/carent-tour.com\/fr\/wp-json\/wp\/v2\/comments?post=9639"}],"wp:featuredmedia":[{"embeddable":true,"href":"https:\/\/carent-tour.com\/fr\/wp-json\/wp\/v2\/media\/10328"}],"wp:attachment":[{"href":"https:\/\/carent-tour.com\/fr\/wp-json\/wp\/v2\/media?parent=9639"}],"wp:term":[{"taxonomy":"product_brand","embeddable":true,"href":"https:\/\/carent-tour.com\/fr\/wp-json\/wp\/v2\/product_brand?post=9639"},{"taxonomy":"product_cat","embeddable":true,"href":"https:\/\/carent-tour.com\/fr\/wp-json\/wp\/v2\/product_cat?post=9639"},{"taxonomy":"product_tag","embeddable":true,"href":"https:\/\/carent-tour.com\/fr\/wp-json\/wp\/v2\/product_tag?post=9639"}],"curies":[{"name":"wp","href":"https:\/\/api.w.org\/{rel}","templated":true}]}}