{"id":9625,"date":"2025-05-27T23:56:19","date_gmt":"2025-05-27T23:56:19","guid":{"rendered":"https:\/\/egyfuntour.com\/?post_type=product&#038;p=9625"},"modified":"2025-11-29T18:29:49","modified_gmt":"2025-11-29T18:29:49","slug":"dolphin-house","status":"publish","type":"product","link":"https:\/\/carent-tour.com\/fr\/produit\/dolphin-house\/","title":{"rendered":"Maison des Dauphins"},"content":{"rendered":"<ul>\n<li class=\"nonelist\">\n<h2>Excursion \u00e0 Dolphin House Hurghada (Journ\u00e9e des dauphins en mer)<\/h2>\n<ul>\n<li class=\"nonelist\"><em class=\"fa-green fa-solid fa-circle-info\">\u00a0<\/em><strong>Nous<\/strong>\u00a0vous invite \u00e0 vivre une aventure unique en nageant avec les dauphins dans leur habitat naturel, en explorant les r\u00e9cifs coralliens et en admirant la riche vie marine de la mer Rouge.<\/li>\n<li class=\"nonelist\"><em class=\"fa-green fa-solid fa-circle-info\">\u00a0<\/em>Journ\u00e9e Dolphin House en mer \u00e0 Hurghada : 1 arr\u00eat pour nager et\/ou observer les dauphins + 2 arr\u00eats snorkeling \u00e0 diff\u00e9rents spots + d\u00e9jeuner buffet + boissons \u00e0 volont\u00e9 pour une journ\u00e9e inoubliable.<\/li>\n<li class=\"nonelist\"><em class=\"fa-green fa-solid fa-circle-info\">\u00a0<\/em>Ce programme offre un \u00e9quilibre parfait entre aventure, d\u00e9couverte et d\u00e9tente dans les eaux cristallines de la mer Rouge.<\/li>\n<\/ul>\n<p>&nbsp;<\/p>\n<ul>\n<li class=\"nonelist\">\n<h3><em class=\"fa-green fa-regular fa-calendar-days\">\u00a0<\/em><strong>Jours de la semaine et dur\u00e9e :<\/strong><\/h3>\n<ul>\n<li class=\"nonelist\">Tous les jours.<\/li>\n<li class=\"nonelist\">De 8h00 \u00e0 15h00 (les heures de d\u00e9part et de retour d\u00e9pendent de l'emplacement de l'h\u00f4tel \u00e0 Hurghada et seront confirm\u00e9es apr\u00e8s la r\u00e9servation).<\/li>\n<li class=\"nonelist\">Excursion d'une journ\u00e9e compl\u00e8te (environ 6 \u00e0 7 heures, transferts inclus).<\/li>\n<\/ul>\n<\/li>\n<\/ul>\n<p>&nbsp;<\/p>\n<ul>\n<li class=\"nonelist\">\n<h3><em class=\"fa-green fa-solid fa-rectangle-list\">\u00a0<\/em><strong>Programme:<\/strong><\/h3>\n<ul>\n<li class=\"nonelist\"><strong>Prise en charge \u00e0 l'h\u00f4tel :\u00a0<\/strong>Entre 7h30 et 8h30 (selon l'emplacement de votre h\u00f4tel).<\/li>\n<li class=\"nonelist\"><strong>D\u00e9part de la marina :\u00a0<\/strong>Le bateau appareille vers 10h00.<\/li>\n<li class=\"nonelist\"><strong>Recherche de dauphins :\u00a0<\/strong>Le voyage est organis\u00e9 par des professionnels qui feront de leur mieux pour localiser et approcher les dauphins dans les meilleures conditions, vous permettant de nager avec eux tout en respectant l'environnement et les animaux.<\/li>\n<li class=\"nonelist\"><strong>Remarques :\u00a0<\/strong>Vous nagerez apr\u00e8s un briefing expliquant le comportement \u00e0 adopter dans l'eau, encadr\u00e9 par deux guides exp\u00e9riment\u00e9s.<\/li>\n<li class=\"nonelist\"><strong>Remarques :\u00a0<\/strong>Vous ferez plusieurs arr\u00eats \u00e0 diff\u00e9rents endroits, en fonction de l'endroit o\u00f9 se trouvent les dauphins.<\/li>\n<li class=\"nonelist\"><strong>Remarques :\u00a0<\/strong>Veuillez noter que les rencontres avec les dauphins ne sont pas garanties, car ils se trouvent dans leur habitat naturel. Aucun remboursement ne sera effectu\u00e9 si nous ne les retrouvons pas.<\/li>\n<li class=\"nonelist\"><strong>Plong\u00e9e en apn\u00e9e :\u00a0<\/strong>La plong\u00e9e avec tuba se d\u00e9roule dans un r\u00e9cif corallien dynamique o\u00f9 vous pourrez explorer le monde sous-marin rempli de poissons color\u00e9s, de coraux et d'autres formes de vie marine.<\/li>\n<li class=\"nonelist\"><strong>D\u00e9jeuner (buffet) et boissons :\u00a0<\/strong>Le d\u00e9jeuner est g\u00e9n\u00e9ralement servi sous forme de buffet, r\u00e9pondant aux diff\u00e9rentes pr\u00e9f\u00e9rences alimentaires.<\/li>\n<li class=\"nonelist\"><strong>Retour \u00e0 la marina :\u00a0<\/strong>Vers 15h00, le bateau retournera \u00e0 la marina, o\u00f9 des chauffeurs vous attendront pour vous ramener \u00e0 votre h\u00f4tel.<\/li>\n<\/ul>\n<\/li>\n<\/ul>\n<\/li>\n<\/ul>\n<h3><strong>Dur\u00e9e<\/strong><\/h3>\n<p>Prise en charge : vers 08h00 (selon l'emplacement de votre h\u00f4tel \u00e0 Hurghada).<\/p>\n<h5>Pour toute demande de renseignements, contactez-nous :<a href=\"https:\/\/wa.me\/+201119161562\" target=\"_blank\" rel=\"noopener\"><img decoding=\"async\" class=\"alignnone wp-image-13655\" src=\"https:\/\/alivoyage.com\/wp-content\/uploads\/2024\/03\/whatsapp-svgrepo-com.svg\" alt=\"\" width=\"42\" height=\"42\" \/><\/a><\/h5>","protected":false},"excerpt":{"rendered":"<p>Excursion to Dolphin House Hurghada (Dolphin Day at Sea) \u00a0We\u00a0invite you to experience a unique adventure by swimming with dolphins in their natural habitat, exploring coral reefs, and admiring the rich marine life of the Red Sea. \u00a0Dolphin House Day at Sea Hurghada: 1 stop to swim and\/or observe dolphins + 2 snorkeling stops at [&hellip;]<\/p>","protected":false},"featured_media":9837,"comment_status":"open","ping_status":"closed","template":"","meta":[],"product_brand":[],"product_cat":[73,68],"product_tag":[],"class_list":{"0":"post-9625","1":"product","2":"type-product","3":"status-publish","4":"has-post-thumbnail","6":"product_cat-hurghada","7":"product_cat-sea-trips","9":"first","10":"instock","11":"shipping-taxable","12":"purchasable","13":"product-type-ovabrw_car_rental"},"_links":{"self":[{"href":"https:\/\/carent-tour.com\/fr\/wp-json\/wp\/v2\/product\/9625","targetHints":{"allow":["GET"]}}],"collection":[{"href":"https:\/\/carent-tour.com\/fr\/wp-json\/wp\/v2\/product"}],"about":[{"href":"https:\/\/carent-tour.com\/fr\/wp-json\/wp\/v2\/types\/product"}],"replies":[{"embeddable":true,"href":"https:\/\/carent-tour.com\/fr\/wp-json\/wp\/v2\/comments?post=9625"}],"wp:featuredmedia":[{"embeddable":true,"href":"https:\/\/carent-tour.com\/fr\/wp-json\/wp\/v2\/media\/9837"}],"wp:attachment":[{"href":"https:\/\/carent-tour.com\/fr\/wp-json\/wp\/v2\/media?parent=9625"}],"wp:term":[{"taxonomy":"product_brand","embeddable":true,"href":"https:\/\/carent-tour.com\/fr\/wp-json\/wp\/v2\/product_brand?post=9625"},{"taxonomy":"product_cat","embeddable":true,"href":"https:\/\/carent-tour.com\/fr\/wp-json\/wp\/v2\/product_cat?post=9625"},{"taxonomy":"product_tag","embeddable":true,"href":"https:\/\/carent-tour.com\/fr\/wp-json\/wp\/v2\/product_tag?post=9625"}],"curies":[{"name":"wp","href":"https:\/\/api.w.org\/{rel}","templated":true}]}}