{"id":7796,"date":"2023-06-07T08:17:24","date_gmt":"2023-06-07T08:17:24","guid":{"rendered":"https:\/\/egyfuntour.com\/?post_type=product&#038;p=7796"},"modified":"2025-11-29T18:31:19","modified_gmt":"2025-11-29T18:31:19","slug":"cairo-1-day-by-bus","status":"publish","type":"product","link":"https:\/\/carent-tour.com\/fr\/produit\/cairo-1-day-by-bus\/","title":{"rendered":"Le Caire 1 jour en bus"},"content":{"rendered":"<div class=\"ovabrw_product_title\">\n<div class=\"heading left\">\n<div class=\"heading left\">\n<div class=\"heading left\">\n<p><strong>Excursion d'une journ\u00e9e au Caire depuis Hurghada en bus<\/strong><\/p>\n<p><strong>Prendre<\/strong>\u00a0vous vous levez de votre h\u00f4tel tard dans la nuit et conduisez jusqu'au Caire dans un bus confortable avec des toilettes. L'heure de prise en charge est d'environ 1h30 \u00e0 2h30 du matin, selon la zone de votre h\u00f4tel.<\/p>\n<p>\u00c0 votre arriv\u00e9e au Caire, le guide vous conduira au<strong>\u00a0Egyptien museum<\/strong>, o\u00f9 vous pourrez voir une collection rare de\u00a0<strong>5000 ans<\/strong>\u00a0d'art, consid\u00e9r\u00e9e comme la plus grande et la plus pr\u00e9cieuse collection d'art \u00e9gyptien au monde. Plus de 250\u00a0000 objets authentiques y sont pr\u00e9sent\u00e9s, dont une exposition consacr\u00e9e \u00e0\u00a0<strong>Collection de tr\u00e9sors de Toutankhamon<\/strong>, de l'or et des bijoux qui \u00e9taient enferm\u00e9s dans sa tombe et son<strong>\u00a0masque 11 KG<\/strong>\u00a0avec hIs<strong>\u00a0cercueil 110 KG d'or pur vendu.<\/strong><\/p>\n<p>Profitez de votre \u00e9gyptien\u00a0<strong>d\u00e9jeuner<\/strong>\u00a0dans un restaurant traditionnel.<\/p>\n<p>Le\u00a0<strong>guide touristique<\/strong>\u00a0vous accompagnera dans votre aventure pour d\u00e9couvrir l'exquis\u00a0<strong>Pyramides de Kh\u00e9ops, Kh\u00e9phren et Myk\u00e9rina, le Sphinx<\/strong>\u00a0avec une t\u00eate de pharaon et un corps de lion, qui remonte au r\u00e8gne du roi Kh\u00e9phren.\u00a0<strong>Le Temple de la Vall\u00e9e<\/strong>\u00a0La pyramide de Kh\u00e9phren est \u00e9galement une magnifique \u0153uvre d'architecture ancienne, et nous pouvons donc admirer la pr\u00e9cision de ses constructeurs.<\/p>\n<p>La visite comprend \u00e9galement une visite \u00e0<strong>\u00a0le Temple de la Vall\u00e9e<\/strong>, qui appartient aux pyramides de Kh\u00e9phren.<\/p>\n<p>&nbsp;<\/p>\n<h3><strong>Jours et dur\u00e9e :<\/strong><\/h3>\n<p>Mardi et jeudi<\/p>\n<p>De minuit \u00e0 23h00 (horaire confirm\u00e9 apr\u00e8s r\u00e9servation).<\/p>\n<p>Excursion d'une journ\u00e9e compl\u00e8te (environ 23 heures, transferts inclus).<\/p>\n<p>&nbsp;<\/p>\n<h3><strong>Programme:<\/strong><\/h3>\n<p>Prise en charge \u00e0 l'h\u00f4tel entre minuit et 2 heures du matin.<\/p>\n<p>Voyage au Caire en bus climatis\u00e9.<\/p>\n<p>Visitez les pyramides de Gizeh et le Sphinx avec un guide anglophone.<\/p>\n<p>Explorez le mus\u00e9e \u00e9gyptien.<\/p>\n<p>D\u00e9jeuner buffet \u00e0 volont\u00e9 dans un restaurant local.<\/p>\n<p>Visitez un atelier de parfumerie et de papyrus.<\/p>\n<p>Croisi\u00e8re sur le Nil en option (10 \u20ac par personne).<\/p>\n<p>Retour \u00e0 Hurghada, arriv\u00e9e vers 23 heures.<\/p>\n<\/div>\n<\/div>\n<\/div>\n<\/div>\n<div class=\"wpb_wrapper\">\n<div class=\"elementor-element elementor-element-46b7719 elementor-widget elementor-widget-babe-item-steps\" data-id=\"46b7719\" data-element_type=\"widget\" data-widget_type=\"babe-item-steps.default\">\n<div class=\"elementor-widget-container\">\n<div class=\"block_step\">\n<div class=\"block_step_content collapse-body block_active\">\n<div class=\"content\">\n<p>&nbsp;<\/p>\n<\/div>\n<\/div>\n<\/div>\n<\/div>\n<\/div>\n<div class=\"elementor-element elementor-element-4bfce25 elementor-widget-divider--view-line elementor-widget elementor-widget-divider\" data-id=\"4bfce25\" data-element_type=\"widget\" data-widget_type=\"divider.default\">\n<div class=\"elementor-widget-container\">\n<div class=\"elementor-divider\">\n<h2>\u00a0Dur\u00e9e<\/h2>\n<p><strong>Prise en charge : vers 2h00 du matin<\/strong><\/p>\n<\/div>\n<h5>Pour toute demande de renseignements, contactez-nous :<a href=\"https:\/\/wa.me\/+201119161562\" target=\"_blank\" rel=\"noopener\"><img decoding=\"async\" class=\"alignnone wp-image-13655\" src=\"https:\/\/alivoyage.com\/wp-content\/uploads\/2024\/03\/whatsapp-svgrepo-com.svg\" alt=\"\" width=\"42\" height=\"42\" \/><\/a><\/h5>\n<\/div>\n<\/div>\n<\/div>","protected":false},"excerpt":{"rendered":"<p>Cairo over day trip from Hurghada by bus Pick\u00a0you up from your hotel late at night and drive to Cairo in a comfortable bus with a toilet.\u00a0Pickup time is around 1:30 am to 2:30 am depends on your hotel area. Upon your arrival in Cairo, the guide will take you to the\u00a0Egyptien museum,\u00a0where you can [&hellip;]<\/p>","protected":false},"featured_media":9941,"comment_status":"open","ping_status":"closed","template":"","meta":[],"product_brand":[],"product_cat":[71,73],"product_tag":[45],"class_list":{"0":"post-7796","1":"product","2":"type-product","3":"status-publish","4":"has-post-thumbnail","6":"product_cat-historical-trips","7":"product_cat-hurghada","8":"product_tag-sports","10":"first","11":"instock","12":"shipping-taxable","13":"purchasable","14":"product-type-ovabrw_car_rental"},"_links":{"self":[{"href":"https:\/\/carent-tour.com\/fr\/wp-json\/wp\/v2\/product\/7796","targetHints":{"allow":["GET"]}}],"collection":[{"href":"https:\/\/carent-tour.com\/fr\/wp-json\/wp\/v2\/product"}],"about":[{"href":"https:\/\/carent-tour.com\/fr\/wp-json\/wp\/v2\/types\/product"}],"replies":[{"embeddable":true,"href":"https:\/\/carent-tour.com\/fr\/wp-json\/wp\/v2\/comments?post=7796"}],"wp:featuredmedia":[{"embeddable":true,"href":"https:\/\/carent-tour.com\/fr\/wp-json\/wp\/v2\/media\/9941"}],"wp:attachment":[{"href":"https:\/\/carent-tour.com\/fr\/wp-json\/wp\/v2\/media?parent=7796"}],"wp:term":[{"taxonomy":"product_brand","embeddable":true,"href":"https:\/\/carent-tour.com\/fr\/wp-json\/wp\/v2\/product_brand?post=7796"},{"taxonomy":"product_cat","embeddable":true,"href":"https:\/\/carent-tour.com\/fr\/wp-json\/wp\/v2\/product_cat?post=7796"},{"taxonomy":"product_tag","embeddable":true,"href":"https:\/\/carent-tour.com\/fr\/wp-json\/wp\/v2\/product_tag?post=7796"}],"curies":[{"name":"wp","href":"https:\/\/api.w.org\/{rel}","templated":true}]}}