{"id":7785,"date":"2023-06-07T07:45:41","date_gmt":"2023-06-07T07:45:41","guid":{"rendered":"https:\/\/egyfuntour.com\/?post_type=product&#038;p=7785"},"modified":"2025-11-29T18:34:43","modified_gmt":"2025-11-29T18:34:43","slug":"hurghada-city-tour","status":"publish","type":"product","link":"https:\/\/carent-tour.com\/fr\/produit\/hurghada-city-tour\/","title":{"rendered":"Visite de la ville d'Hurghada"},"content":{"rendered":"<h2>Aper\u00e7u<\/h2>\n<h2>Visite de la ville d'Hurghada<\/h2>\n<p>Profitez d'une visite guid\u00e9e de 3 heures \u00e0 Hurghada. Explorez le centre-ville d'El Dahar, son march\u00e9 anim\u00e9 et son \u00e9glise copte. D\u00e9couvrez le christianisme copte, puis dirigez-vous vers la Grande Mosqu\u00e9e o\u00f9 vous d\u00e9couvrirez l'islam et les traditions musulmanes. D\u00e9couvrez le march\u00e9 aux poissons et rejoignez le port de p\u00eache \u00e0 pied. Terminez votre visite par un moment de d\u00e9tente \u00e0 la nouvelle marina d'Hurghada.<\/p>\n<div class=\"vc_row wpb_row vc_row-fluid\">\n<div class=\"wpb_column vc_column_container vc_col-sm-12\">\n<div class=\"vc_column-inner\">\n<div class=\"wpb_wrapper\">\n<div class=\"heading left\">\n<div class=\"vc_row wpb_row vc_row-fluid\">\n<div class=\"wpb_column vc_column_container vc_col-sm-12\">\n<div class=\"vc_column-inner\">\n<div class=\"wpb_wrapper\">\n<div class=\"wpb_text_column wpb_content_element\">\n<div class=\"wpb_wrapper\">\n<p><strong>Visite de la ville d'Hurghada<\/strong><\/p>\n<ul>\n<li>Choisissez l'heure de d\u00e9part et la dur\u00e9e de la visite<\/li>\n<li>Voir l'\u00e9glise copte<\/li>\n<li>Explorez la Grande Mosqu\u00e9e, la plus grande mosqu\u00e9e de la province de la mer Rouge<\/li>\n<li>Aller au march\u00e9 aux poissons<\/li>\n<li>Profitez des restaurants, caf\u00e9s et boutiques d\u2019Hurghada<\/li>\n<li>Visitez le grand march\u00e9 aux fruits et l\u00e9gumes<\/li>\n<\/ul>\n<p>&nbsp;<\/p>\n<\/div>\n<\/div>\n<\/div>\n<\/div>\n<\/div>\n<\/div>\n<\/div>\n<\/div>\n<\/div>\n<\/div>\n<\/div>\n<div class=\"vc_row wpb_row vc_row-fluid\">\n<div class=\"wpb_column vc_column_container vc_col-sm-12\">\n<div class=\"vc_column-inner\">\n<div class=\"wpb_wrapper\">\n<div class=\"wpb_text_column wpb_content_element\">\n<div class=\"wpb_wrapper\">\n<div class=\"heading left\">\n<div class=\"heading left\">\n<h3><strong>Que prendre avec vous ?<\/strong><\/h3>\n<\/div>\n<div class=\"wpb_text_column wpb_content_element\">\n<div class=\"wpb_wrapper\">\n<ul>\n<li>Lunettes de soleil<\/li>\n<li>chapeau de soleil<\/li>\n<li>Cam\u00e9ra<\/li>\n<li>Cr\u00e8me solaire<\/li>\n<li>Argent de poche<\/li>\n<li>Tenue vestimentaire appropri\u00e9e pour la mosqu\u00e9e et l'\u00e9glise<\/li>\n<\/ul>\n<h3><strong>Dur\u00e9e<\/strong><\/h3>\n<p>Prise en charge : vers 16h00 (selon l'emplacement de votre h\u00f4tel \u00e0 Hurghada) Expet samedi<\/p>\n<h5>Pour toute demande de renseignements, contactez-nous :<a href=\"https:\/\/wa.me\/+201119161562\" target=\"_blank\" rel=\"noopener\"><img decoding=\"async\" class=\"alignnone wp-image-13655\" src=\"https:\/\/alivoyage.com\/wp-content\/uploads\/2024\/03\/whatsapp-svgrepo-com.svg\" alt=\"\" width=\"42\" height=\"42\" \/><\/a><\/h5>\n<\/div>\n<\/div>\n<\/div>\n<\/div>\n<\/div>\n<\/div>\n<\/div>\n<\/div>\n<\/div>","protected":false},"excerpt":{"rendered":"<p>Overview Hurghada City Tour Enjoy a 3 hours guided city tour in Hurghada. Explore the down town El dahar with it\u2019s vibrant market and the Coptic church . Learn about Coptic Christianity and then drive to the Grand mosque where you will learn some information about islam and Muslim traditions. Experience the fish market and [&hellip;]<\/p>","protected":false},"featured_media":9977,"comment_status":"open","ping_status":"closed","template":"","meta":[],"product_brand":[],"product_cat":[72,73],"product_tag":[41,45],"class_list":{"0":"post-7785","1":"product","2":"type-product","3":"status-publish","4":"has-post-thumbnail","6":"product_cat-family-trips","7":"product_cat-hurghada","8":"product_tag-shoe","9":"product_tag-sports","11":"first","12":"instock","13":"shipping-taxable","14":"purchasable","15":"product-type-ovabrw_car_rental"},"_links":{"self":[{"href":"https:\/\/carent-tour.com\/fr\/wp-json\/wp\/v2\/product\/7785","targetHints":{"allow":["GET"]}}],"collection":[{"href":"https:\/\/carent-tour.com\/fr\/wp-json\/wp\/v2\/product"}],"about":[{"href":"https:\/\/carent-tour.com\/fr\/wp-json\/wp\/v2\/types\/product"}],"replies":[{"embeddable":true,"href":"https:\/\/carent-tour.com\/fr\/wp-json\/wp\/v2\/comments?post=7785"}],"wp:featuredmedia":[{"embeddable":true,"href":"https:\/\/carent-tour.com\/fr\/wp-json\/wp\/v2\/media\/9977"}],"wp:attachment":[{"href":"https:\/\/carent-tour.com\/fr\/wp-json\/wp\/v2\/media?parent=7785"}],"wp:term":[{"taxonomy":"product_brand","embeddable":true,"href":"https:\/\/carent-tour.com\/fr\/wp-json\/wp\/v2\/product_brand?post=7785"},{"taxonomy":"product_cat","embeddable":true,"href":"https:\/\/carent-tour.com\/fr\/wp-json\/wp\/v2\/product_cat?post=7785"},{"taxonomy":"product_tag","embeddable":true,"href":"https:\/\/carent-tour.com\/fr\/wp-json\/wp\/v2\/product_tag?post=7785"}],"curies":[{"name":"wp","href":"https:\/\/api.w.org\/{rel}","templated":true}]}}