{"id":7783,"date":"2023-06-07T07:40:10","date_gmt":"2023-06-07T07:40:10","guid":{"rendered":"https:\/\/egyfuntour.com\/?post_type=product&#038;p=7783"},"modified":"2025-11-29T18:35:21","modified_gmt":"2025-11-29T18:35:21","slug":"dolphin-show","status":"publish","type":"product","link":"https:\/\/carent-tour.com\/fr\/produit\/dolphin-show\/","title":{"rendered":"Spectacle de dauphins"},"content":{"rendered":"<h2>Aper\u00e7u<\/h2>\n<h2>Spectacle de dauphins \u00e0 Hurghada<\/h2>\n<p>Profitez d'une matin\u00e9e riche en divertissements avec prise en charge \u00e0 votre h\u00f4tel et transfert vers un spectacle de dauphins d'une heure \u00e0 Hurghada. Le spectacle propose quatre performances captivantes\u00a0: des phoques dansants, un morse musicien, une otarie dynamique et un final \u00e9blouissant avec trois dauphins joueurs ex\u00e9cutant des tours et peignant m\u00eame. Apr\u00e8s le spectacle, vous serez reconduit \u00e0 votre h\u00f4tel.<\/p>\n<p>&nbsp;<\/p>\n<div class=\"vc_row wpb_row vc_row-fluid\">\n<div class=\"wpb_column vc_column_container vc_col-sm-12\">\n<div class=\"vc_column-inner\">\n<div class=\"wpb_wrapper\">\n<div class=\"heading left\">\n<div class=\"vc_row wpb_row vc_row-fluid\">\n<div class=\"wpb_column vc_column_container vc_col-sm-12\">\n<div class=\"vc_column-inner\">\n<div class=\"wpb_wrapper\">\n<div class=\"heading left\">\n<h3><strong>Points forts:<\/strong><\/h3>\n<\/div>\n<\/div>\n<\/div>\n<\/div>\n<\/div>\n<div class=\"vc_row wpb_row vc_row-fluid\">\n<div class=\"wpb_column vc_column_container vc_col-sm-12\">\n<div class=\"vc_column-inner\">\n<div class=\"wpb_wrapper\">\n<div class=\"wpb_text_column wpb_content_element\">\n<div class=\"wpb_wrapper\">\n<ul>\n<li>Approchez-vous de pr\u00e8s des dauphins<\/li>\n<li>Soyez t\u00e9moin de leur intelligence et de leur charme \u00e9tonnants par vous-m\u00eame<\/li>\n<li>Profitez d'un spectacle admirable avec un dauphin et une sympathique otarie<\/li>\n<\/ul>\n<\/div>\n<h3><strong>Dur\u00e9e<\/strong><\/h3>\n<p>Premier voyage :<\/p>\n<p>Prise en charge : vers 9h30 (selon l'emplacement de votre h\u00f4tel \u00e0 Hurghada) Expet samedi<\/p>\n<p>Deuxi\u00e8me voyage :<\/p>\n<p>Prise en charge : vers 15h30 (selon l'emplacement de votre h\u00f4tel \u00e0 Hurghada) tous les jours<\/p>\n<\/div>\n<\/div>\n<\/div>\n<\/div>\n<\/div>\n<\/div>\n<\/div>\n<\/div>\n<\/div>\n<\/div>\n<div class=\"vc_row wpb_row vc_row-fluid\">\n<div class=\"wpb_column vc_column_container vc_col-sm-12\">\n<div class=\"vc_column-inner\">\n<div class=\"wpb_wrapper\">\n<div class=\"wpb_text_column wpb_content_element\">\n<div class=\"wpb_wrapper\">\n<div class=\"heading left\">\n<div class=\"heading left\">\n<h5>Pour toute demande de renseignements, contactez-nous :<a href=\"https:\/\/wa.me\/+201119161562\" target=\"_blank\" rel=\"noopener\"><img decoding=\"async\" class=\"alignnone wp-image-13655\" src=\"https:\/\/alivoyage.com\/wp-content\/uploads\/2024\/03\/whatsapp-svgrepo-com.svg\" alt=\"\" width=\"42\" height=\"42\" \/><\/a><\/h5>\n<\/div>\n<\/div>\n<\/div>\n<\/div>\n<\/div>\n<\/div>\n<\/div>\n<\/div>","protected":false},"excerpt":{"rendered":"<p>Overview Dolphin Show form Hurghada Enjoy a fun-filled morning with hotel pickup and transfer to an exciting 1-hour dolphin show in Hurghada. The show features four captivating performances, starting with dancing sea cats (seals), followed by a musical walrus, an energetic sea lion, and a dazzling finale with three playful dolphins performing tricks and even [&hellip;]<\/p>","protected":false},"featured_media":9984,"comment_status":"open","ping_status":"closed","template":"","meta":[],"product_brand":[],"product_cat":[72,73],"product_tag":[41,45],"class_list":{"0":"post-7783","1":"product","2":"type-product","3":"status-publish","4":"has-post-thumbnail","6":"product_cat-family-trips","7":"product_cat-hurghada","8":"product_tag-shoe","9":"product_tag-sports","11":"first","12":"instock","13":"shipping-taxable","14":"purchasable","15":"product-type-ovabrw_car_rental"},"_links":{"self":[{"href":"https:\/\/carent-tour.com\/fr\/wp-json\/wp\/v2\/product\/7783","targetHints":{"allow":["GET"]}}],"collection":[{"href":"https:\/\/carent-tour.com\/fr\/wp-json\/wp\/v2\/product"}],"about":[{"href":"https:\/\/carent-tour.com\/fr\/wp-json\/wp\/v2\/types\/product"}],"replies":[{"embeddable":true,"href":"https:\/\/carent-tour.com\/fr\/wp-json\/wp\/v2\/comments?post=7783"}],"wp:featuredmedia":[{"embeddable":true,"href":"https:\/\/carent-tour.com\/fr\/wp-json\/wp\/v2\/media\/9984"}],"wp:attachment":[{"href":"https:\/\/carent-tour.com\/fr\/wp-json\/wp\/v2\/media?parent=7783"}],"wp:term":[{"taxonomy":"product_brand","embeddable":true,"href":"https:\/\/carent-tour.com\/fr\/wp-json\/wp\/v2\/product_brand?post=7783"},{"taxonomy":"product_cat","embeddable":true,"href":"https:\/\/carent-tour.com\/fr\/wp-json\/wp\/v2\/product_cat?post=7783"},{"taxonomy":"product_tag","embeddable":true,"href":"https:\/\/carent-tour.com\/fr\/wp-json\/wp\/v2\/product_tag?post=7783"}],"curies":[{"name":"wp","href":"https:\/\/api.w.org\/{rel}","templated":true}]}}