{"id":4211,"date":"2022-08-04T07:03:04","date_gmt":"2022-08-04T07:03:04","guid":{"rendered":"https:\/\/egyfuntour.com\/?post_type=product&#038;p=4211"},"modified":"2025-11-29T18:36:59","modified_gmt":"2025-11-29T18:36:59","slug":"jeep-desert-safari-hurghada-dinner-and-show","status":"publish","type":"product","link":"https:\/\/carent-tour.com\/fr\/produit\/jeep-desert-safari-hurghada-dinner-and-show\/","title":{"rendered":"Jeep Desert Safari Hurghada D\u00eener et spectacle"},"content":{"rendered":"<div class=\"elementor-element elementor-element-874f5e4 elementor-widget elementor-widget-heading\" data-id=\"874f5e4\" data-element_type=\"widget\" data-widget_type=\"heading.default\">\n<div class=\"elementor-widget-container\">\n<h3 class=\"elementor-heading-title elementor-size-default\">Description de la visite<\/h3>\n<\/div>\n<\/div>\n<div class=\"elementor-element elementor-element-6aaa7b1 elementor-widget elementor-widget-babe-item-content\" data-id=\"6aaa7b1\" data-element_type=\"widget\" data-widget_type=\"babe-item-content.default\">\n<div class=\"elementor-widget-container\">\n<div class=\"elementor-widget-inner\">\n<div class=\"triply-single-content\">\n<p><strong>D\u00e9couvrez le d\u00e9sert d'Hurghada et la vie b\u00e9douine lors de ce safari en 4x4 Land Cruiser Sahara Park. Vous serez pris en charge \u00e0 votre h\u00f4tel et traverserez le d\u00e9sert en empruntant l'autoroute d'Hurghada.<\/strong><\/p>\n<h5>Pour toute demande de renseignements, contactez-nous :<a href=\"https:\/\/wa.me\/+201119161562\" target=\"_blank\" rel=\"noopener\"><img decoding=\"async\" class=\"alignnone wp-image-13655\" src=\"https:\/\/alivoyage.com\/wp-content\/uploads\/2024\/03\/whatsapp-svgrepo-com.svg\" alt=\"\" width=\"42\" height=\"42\" \/><\/a><\/h5>\n<\/div>\n<\/div>\n<\/div>\n<\/div>","protected":false},"excerpt":{"rendered":"<p>Tour Description Experience the Hurghada desert and Bedouin life on this 4WD Land Cruiser Sahara Park Safari. You&#8217;ll be picked up at your hotel and then drive through the desert kicking the sand on the Hurghada highway. For any inquiries, contact us :<\/p>","protected":false},"featured_media":10137,"comment_status":"open","ping_status":"closed","template":"","meta":[],"product_brand":[],"product_cat":[73,70],"product_tag":[],"class_list":{"0":"post-4211","1":"product","2":"type-product","3":"status-publish","4":"has-post-thumbnail","6":"brw_tour_types-beaches","7":"brw_tour_types-culture","8":"brw_tour_types-family","9":"product_cat-hurghada","10":"product_cat-safari-trips","12":"first","13":"instock","14":"shipping-taxable","15":"purchasable","16":"product-type-ovabrw_car_rental"},"_links":{"self":[{"href":"https:\/\/carent-tour.com\/fr\/wp-json\/wp\/v2\/product\/4211","targetHints":{"allow":["GET"]}}],"collection":[{"href":"https:\/\/carent-tour.com\/fr\/wp-json\/wp\/v2\/product"}],"about":[{"href":"https:\/\/carent-tour.com\/fr\/wp-json\/wp\/v2\/types\/product"}],"replies":[{"embeddable":true,"href":"https:\/\/carent-tour.com\/fr\/wp-json\/wp\/v2\/comments?post=4211"}],"wp:featuredmedia":[{"embeddable":true,"href":"https:\/\/carent-tour.com\/fr\/wp-json\/wp\/v2\/media\/10137"}],"wp:attachment":[{"href":"https:\/\/carent-tour.com\/fr\/wp-json\/wp\/v2\/media?parent=4211"}],"wp:term":[{"taxonomy":"product_brand","embeddable":true,"href":"https:\/\/carent-tour.com\/fr\/wp-json\/wp\/v2\/product_brand?post=4211"},{"taxonomy":"product_cat","embeddable":true,"href":"https:\/\/carent-tour.com\/fr\/wp-json\/wp\/v2\/product_cat?post=4211"},{"taxonomy":"product_tag","embeddable":true,"href":"https:\/\/carent-tour.com\/fr\/wp-json\/wp\/v2\/product_tag?post=4211"}],"curies":[{"name":"wp","href":"https:\/\/api.w.org\/{rel}","templated":true}]}}