{"id":10251,"date":"2025-11-28T20:44:20","date_gmt":"2025-11-28T20:44:20","guid":{"rendered":"https:\/\/carent-tour.com\/?post_type=product&#038;p=10251"},"modified":"2025-12-26T11:05:13","modified_gmt":"2025-12-26T11:05:13","slug":"privet-cairo","status":"publish","type":"product","link":"https:\/\/carent-tour.com\/fr\/produit\/privet-cairo\/","title":{"rendered":"Privet Cairo"},"content":{"rendered":"<div class=\"heading left\">\n<div class=\"heading left\">\n<div class=\"heading left\">\n<h3>Programme de la tourn\u00e9e<\/h3>\n<\/div>\n<div class=\"wpb_text_column wpb_content_element\">\n<div class=\"wpb_wrapper\">\n<p>Nous viendrons vous chercher \u00e0 votre h\u00f4tel tard dans la nuit, entre 1h00 et 2h00 du matin.\u00a0<strong>voiture priv\u00e9e climatis\u00e9e<\/strong> comme priv\u00e9<\/p>\n<p>Commencez par visiter les grandes pyramides de\u00a0<strong>Humain<br \/>\n<\/strong>construit par les pharaons\u00a0<strong>Kh\u00e9ops, Kh\u00e9phren et Myk\u00e9rinos.<\/strong><\/p>\n<p>Ensuite, nous irons visiter le\u00a0<strong>Sphinx<\/strong>\u00a0quel visage du roi<strong>\u00a0Kh\u00e9phren<\/strong>\u00a0et le corps du lion repr\u00e9sente la force.<\/p>\n<p>La visite comprend \u00e9galement une visite au Temple de la Vall\u00e9e, qui appartient aux Pyramides de\u00a0<strong>Ch\u00e9phren.<\/strong><\/p>\n<p>Savourez votre d\u00e9jeuner \u00e9gyptien dans un<strong>\u00a0restaurant traditionnel.<\/strong><\/p>\n<p>Enfin, vous terminez puis vous dirigez vers\u00a0<strong>le mus\u00e9e \u00e9gyptien<\/strong>, o\u00f9 vous pourrez admirer une collection rare de 5000 ans d'art, consid\u00e9r\u00e9e comme la plus grande et la plus pr\u00e9cieuse collection d'art \u00e9gyptien au monde. y compris une exposition consacr\u00e9e \u00e0\u00a0<strong>Collection de tr\u00e9sors de Toutankhamon<\/strong>, de l'or et des bijoux qui \u00e9taient enferm\u00e9s dans son tombeau<\/p>\n<p>D\u00e9part du Caire et retour \u00e0 Hurghada vers 22h00<\/p>\n<\/div>\n<\/div>\n<\/div>\n<div class=\"wpb_text_column wpb_content_element\">\n<div class=\"vc_row wpb_row vc_row-fluid\">\n<div class=\"wpb_column vc_column_container vc_col-sm-12\">\n<div class=\"vc_column-inner\">\n<div class=\"wpb_wrapper\">\n<div class=\"heading left\"><\/div>\n<\/div>\n<\/div>\n<\/div>\n<\/div>\n<\/div>\n<\/div>\n<div class=\"wpb_text_column wpb_content_element\">\n<div class=\"wpb_wrapper\">\n<h3><strong>Jours de la semaine et dur\u00e9e :<\/strong><\/h3>\n<p>Mardi et jeudi<\/p>\n<p>De minuit \u00e0 23h00 (horaires confirm\u00e9s apr\u00e8s r\u00e9servation).<\/p>\n<p>Excursion d'une journ\u00e9e compl\u00e8te (environ 23 heures, transferts inclus).<\/p>\n<p>&nbsp;<\/p>\n<h3><strong>Programme:<\/strong><\/h3>\n<p>D\u00e9part de votre h\u00f4tel entre minuit et 2h00 du matin.<\/p>\n<p>Voyage au Caire en minivan climatis\u00e9 (max 8 personnes).<\/p>\n<p>Visite des Pyramides de Gizeh et du Sphinx avec un guide francophone.<\/p>\n<p>Exploration du Mus\u00e9e du Caire.<\/p>\n<p>D\u00e9jeuner buffet \u00e0 volont\u00e9 dans un restaurant local.<\/p>\n<p>Visite d'une fabrique de parfums et de papyrus.<\/p>\n<p>Croisi\u00e8re sur le Nil en option (10 \u20ac par personne).<\/p>\n<p>Retour \u00e0 Hurghada, arriv\u00e9e vers 23h00.<\/p>\n<p><strong>Ce qu'il faut apporter avec vous :<\/strong><\/p>\n<\/div>\n<ul>\n<li class=\"nonelist\">Bouteille d'eau.<\/li>\n<li class=\"nonelist\">Cr\u00e8me solaire.<\/li>\n<li class=\"nonelist\">Lunettes de soleil et chapeau.<\/li>\n<li class=\"nonelist\">Cam\u00e9ra.<\/li>\n<li class=\"nonelist\">Photo de votre passeport sur votre t\u00e9l\u00e9phone.<\/li>\n<li class=\"nonelist\"><em class=\"fa-green fa-solid fa-check\">C<\/em>fr\u00eane si vous souhaitez acheter des souvenirs.<\/li>\n<\/ul>\n<h2>\u00a0Dur\u00e9e<\/h2>\n<p><strong>Prise en charge : vers 2h00 du matin<\/strong><\/p>\n<h5>Pour toute demande de renseignements, contactez-nous :<a href=\"https:\/\/wa.me\/+201119161562\" target=\"_blank\" rel=\"noopener\"><img decoding=\"async\" class=\"alignnone wp-image-13655\" src=\"https:\/\/alivoyage.com\/wp-content\/uploads\/2024\/03\/whatsapp-svgrepo-com.svg\" alt=\"\" width=\"42\" height=\"42\" \/><\/a><\/h5>\n<\/div>","protected":false},"excerpt":{"rendered":"<p>Tour Program We will pick you up from your hotel late at night around 1:00 am to 2:00 in the morning by\u00a0airconditioned Privet Car like private Begin with visits to the great pyramids of\u00a0Giza built by the pharaohs\u00a0Khufu, Khafre, and Menkaure. Then will move to vesit the\u00a0Sphinx\u00a0which face of king\u00a0Chephren\u00a0and body of lion represent the [&hellip;]<\/p>","protected":false},"featured_media":10252,"comment_status":"open","ping_status":"closed","template":"","meta":[],"product_brand":[],"product_cat":[71,73],"product_tag":[],"class_list":{"0":"post-10251","1":"product","2":"type-product","3":"status-publish","4":"has-post-thumbnail","6":"product_cat-historical-trips","7":"product_cat-hurghada","9":"first","10":"instock","11":"shipping-taxable","12":"purchasable","13":"product-type-ovabrw_car_rental"},"_links":{"self":[{"href":"https:\/\/carent-tour.com\/fr\/wp-json\/wp\/v2\/product\/10251","targetHints":{"allow":["GET"]}}],"collection":[{"href":"https:\/\/carent-tour.com\/fr\/wp-json\/wp\/v2\/product"}],"about":[{"href":"https:\/\/carent-tour.com\/fr\/wp-json\/wp\/v2\/types\/product"}],"replies":[{"embeddable":true,"href":"https:\/\/carent-tour.com\/fr\/wp-json\/wp\/v2\/comments?post=10251"}],"wp:featuredmedia":[{"embeddable":true,"href":"https:\/\/carent-tour.com\/fr\/wp-json\/wp\/v2\/media\/10252"}],"wp:attachment":[{"href":"https:\/\/carent-tour.com\/fr\/wp-json\/wp\/v2\/media?parent=10251"}],"wp:term":[{"taxonomy":"product_brand","embeddable":true,"href":"https:\/\/carent-tour.com\/fr\/wp-json\/wp\/v2\/product_brand?post=10251"},{"taxonomy":"product_cat","embeddable":true,"href":"https:\/\/carent-tour.com\/fr\/wp-json\/wp\/v2\/product_cat?post=10251"},{"taxonomy":"product_tag","embeddable":true,"href":"https:\/\/carent-tour.com\/fr\/wp-json\/wp\/v2\/product_tag?post=10251"}],"curies":[{"name":"wp","href":"https:\/\/api.w.org\/{rel}","templated":true}]}}